{"id":389,"date":"2022-09-19T13:59:23","date_gmt":"2022-09-19T10:59:23","guid":{"rendered":"http:\/\/www.romaniacurata.ro\/servicii-publice-locale\/?page_id=389"},"modified":"2022-11-20T14:19:12","modified_gmt":"2022-11-20T11:19:12","slug":"recrutare-voluntari","status":"publish","type":"page","link":"https:\/\/www.romaniacurata.ro\/servicii-publice-locale\/comunicare\/recrutare-voluntari\/","title":{"rendered":"Recrutare voluntari"},"content":{"rendered":"<h1 class=\"entry-title\">Fii un super-erou \u00een comunitatea ta! Devino voluntar \u00een proiectul Cet\u0103\u021beni activi pentru servicii publice de calitate<\/h1>\n<div class=\"entry-content\">\n<p>Noi credem \u00een pove\u0219tile cu super-eroi, iar experien\u021ba ne arat\u0103 c\u0103 cet\u0103\u021benii, atunci\u00a0 c\u00e2nd\u00a0 se\u00a0 implic\u0103, pot muta mun\u021bii din loc.<\/p>\n<p>Te-a deranjat vreodat\u0103 faptul c\u0103 autobuzele din ora\u0219ul t\u0103u nu au un program coerent sau nu ajung la timp? Te-a deranjat vreodat\u0103 faptul c\u0103 se str\u00e2nge fondul clasei sau c\u0103 mobilierul din \u0219coli este \u00eenvechit? Ai vrea s\u0103 se colecteze gunoiul \u00een mod selectiv \u0219i s\u0103 po\u021bi recicla ca \u00eentr-o \u021bar\u0103 civilizat\u0103?<\/p>\n<p>Dac\u0103 r\u0103spunsul este da, \u00eempreun\u0103 putem schimba lucrurile! Dac\u0103 e\u0219ti din urm\u0103toarele localit\u0103\u021bi, aplic\u0103 pentru a fi voluntar \u00een proiectul Cet\u0103\u021beni activi pentru servicii publice de calitate:<\/p>\n<ul>\n<li><a href=\"https:\/\/forms.gle\/HtNBn1Hh2H3cTNyx6\">Bac\u0103u<\/a><\/li>\n<li>Constan\u021ba<\/li>\n<li><a href=\"https:\/\/forms.gle\/ZeMgxiN1Ps241hyN7\">Giurgiu<\/a><\/li>\n<li>R\u00e2mnicu-V\u00e2lcea<\/li>\n<li><a href=\"https:\/\/docs.google.com\/forms\/d\/e\/1FAIpQLSdscyYmHXFkMJT7pKCrW4nCUQJZ4TXphmXAsK2w6Q6MVqCUQA\/viewform?usp=sf_link\">Deva<\/a><\/li>\n<li><a href=\"https:\/\/forms.gle\/aN6sYbsJ7kK4hN996\">Alba Iulia<\/a><\/li>\n<li><a href=\"https:\/\/forms.gle\/dRkGTS5QVnK1G2x19\">Baia Mare<\/a><\/li>\n<li>Sectorul 1<\/li>\n<\/ul>\n<p>\u00cen luna iunie, Societatea Academic\u0103 din Rom\u00e2nia \u0219i Act for Tomorrow au lansat un raport de diagnoz\u0103 privind calitatea serviciilor publice de transport, gestiunea de\u0219eurilor \u0219i educa\u021bie din toate municipiile re\u0219edin\u021b\u0103 de jude\u021b, iar acum vream s\u0103 mut\u0103m mun\u021bii din loc \u00een cele 8 localit\u0103\u021bi.<\/p>\n<p>Aplic\u0103\u00a0\u0219i fii parte a schimb\u0103rii!<\/p>\n<p>Ce implic\u0103 din partea ta? Timp de un an de zile vei face parte din echipa local\u0103, care va \u00eencerca s\u0103 schimbe paradigma local\u0103, s\u0103 mobilizeze cet\u0103\u021benii \u0219i s\u0103 responsabilizeze autorit\u0103\u021bile locale pentru a investi \u00een cre\u0219terea calit\u0103\u021bii serviciilor publice locale. Domeniile pe care le lu\u0103m sub lup\u0103 \u0219i din care po\u021bi alege unul pe care s\u0103 \u00eel prioritizezi sunt: calitatea serviciilor publice de educa\u021bie, transport \u0219i gestiunea de\u0219eurilor.<\/p>\n<p>Ce \u00ee\u021bi vom oferi noi?<\/p>\n<p>Un training ini\u021bial cu exper\u021bi \u00een politici publice \u0219i mobilizare comunitar\u0103, formare continu\u0103, resurse specializate pentru a duce la bun sf\u00e2r\u0219it campania de advocacy. La nivel local, fiecare echip\u0103 va fi coordonat\u0103 de un responsabil cu experien\u021b\u0103 \u00een lucrul cu autorit\u0103\u021bile, care v\u0103 va ghida pas cu pas.<\/p>\n<p>Al\u0103turi de noi vei beneficia de formare \u00een tot ce \u021bine de domeniul implic\u0103rii civice:<br \/>\n-interac\u021biune cu autorit\u0103\u021bile publice locale sau na\u021bionale<br \/>\n-scriere de documente (peti\u021bii, cereri pe baza legilor existente, etc.)<br \/>\n-comunicare pe social media<br \/>\n-instrumente legale puse la dispozi\u021bia cet\u0103\u021benilor<\/p>\n<p>Dar \u0219i:<br \/>\n&#8211; o sesiune de formare \u00een domeniul implic\u0103rii civice, aplicat\u0103 pe educa\u021bie, transport \u0219i colectarea de\u0219eurilor, sus\u021binut\u0103 de traineri cu experien\u021b\u0103 vast\u0103 \u00een domeniu<br \/>\n&#8211; posibilitatea de a exprima liber g\u00e2ndurile \u0219i ideile pe care le ai prin publicarea unor articole remunerate pe platforma Rom\u00e2nia Curat\u0103<br \/>\n-alte premii \u00een valoare de 3000 de euro,<br \/>\n&#8211; \u0219ansa de a lua contact cu exper\u021bi norvegieni \u00een domeniul serviciilor publice de la care vei putea afla cum po\u021bi \u0219i tu s\u0103 dezvol\u021bi serviciile de educa\u021bie, transport \u0219i colectarea de\u0219eurilor \u00een comunitatea ta.*<\/p>\n<p>Vei interac\u021biona cu o echip\u0103 dinamic\u0103 \u0219i t\u00e2n\u0103ra \u0219i vei avea ocazia s\u0103 discu\u021bi cu exper\u021bi din diferite domenii!<\/p>\n<p>A\u0219tept\u0103m \u00eenscrierea ta. Pentru \u00eentreb\u0103ri, nu ezita s\u0103 ne contactezi la adresa <a href=\"mailto:office@sar.org.ro\">office@sar.org.ro<\/a>.<\/p>\n<p>\u2014<\/p>\n<p>Proiectul este derulat de Societatea Academic\u0103 din Rom\u00e2nia, \u00een parteneriat cu Asocia\u021bia Act For Tomorrow \u0219i Vellenes Fellesorganisasjon \u0219i beneficiaz\u0103 de o finan\u021bare \u00een valoare de 249.989 euro, prin programul Active Citizens Fund Rom\u00e2nia \u2013 finan\u021bat de Islanda, Liechtenstein \u0219i Norvegia prin Granturile SEE 2014-2021. Con\u021binutul acestui website nu reprezint\u0103 \u00een mod necesar pozi\u021bia oficial\u0103 a Granturilor SEE \u0219i Norvegiene 2014-2021; pentru mai multe informa\u021bii accesa\u021bi\u00a0<a href=\"http:\/\/www.eeagrants.org\/\">www.eeagrants.org<\/a>. Informa\u021bii despre Active Citizens Fund Rom\u00e2nia sunt disponibile la\u00a0<a href=\"http:\/\/www.activecitizensfund.ro\/\">www.activecitizensfund.ro<\/a>.<\/p>\n<p>Despre Programul Active Citizens Fund Rom\u00e2nia<br \/>\nProgramul Active Citizens Fund Rom\u00e2nia este finan\u021bat prin Granturile SEE 2014-2021. Obiectivul general al Granturilor este de a reduce disparit\u0103\u021bile economice \u0219i sociale \u0219i a consolida<br \/>\nrela\u021biile bilaterale dintre cele 15 state beneficiare \u0219i statele donatoare (Islanda, Liechtenstein, Norvegia). Programul este administrat de c\u0103tre consor\u021biul compus din Funda\u021bia pentru<br \/>\nDezvoltarea Societ\u0103\u021bii Civile, Funda\u021bia pentru Parteneriat, Centrul de Resurse pentru Comunit\u0103\u021bile de Romi, Funda\u021bia PACT \u0219i Frivillighet Norge, care ac\u021bioneaz\u0103 \u00een calitate de Operator<br \/>\nde Fond desemnat de c\u0103tre FMO \u2013 Oficiul Mecanismului Financiar al Granturilor SEE \u0219i Norvegiene. Active Citizens Fund Rom\u00e2nia vizeaz\u0103 consolidarea societ\u0103\u021bii civile \u0219i a cet\u0103\u021beniei<br \/>\nactive \u0219i cre\u0219terea capacit\u0103\u021bii grupurilor vulnerabile. Cu o alocare total\u0103 de 46.000.000 euro, programul urm\u0103re\u0219te dezvoltarea pe termen lung a sustenabilit\u0103\u021bii \u0219i capacit\u0103\u021bii sectorului<br \/>\nsociet\u0103\u021bii civile, intensific\u00e2nd rolul s\u0103u \u00een promovarea particip\u0103rii democratice, a cet\u0103\u021beniei active \u0219i a drepturilor omului \u0219i consolid\u00e2nd \u00een acela\u0219i timp rela\u021biile bilaterale cu statele<br \/>\ndonatoare Islanda, Liechtenstein \u0219i Norvegia. Pentru mai multe informa\u021bii despre Active Citizens Fund \u00een Rom\u00e2nia, v\u0103 rug\u0103m accesa\u021bi www.activecitizensfund.ro. Pentru mai multe<br \/>\ninforma\u021bii despre Granturile SEE \u0219i Norvegiene, accesa\u021bi www.eeagrants.ro.<\/p>\n<p>Lucr\u0103m \u00eempreun\u0103 pentru o Europ\u0103 verde, competitiv\u0103 \u0219i incluziv\u0103!<br \/>\nActive Citizens Fund \u2013\u00a0 Rom\u00e2nia<br \/>\n#haide #ActiveCitizensFund #Romania #activecitizens #EEANorwayGrants<\/p>\n<\/div>\n","protected":false},"excerpt":{"rendered":"<p>Fii un super-erou \u00een comunitatea ta! Devino voluntar \u00een proiectul Cet\u0103\u021beni activi pentru servicii publice de calitate Noi credem \u00een pove\u0219tile cu super-eroi, iar experien\u021ba ne arat\u0103 c\u0103 cet\u0103\u021benii, atunci\u00a0 c\u00e2nd\u00a0 se\u00a0 implic\u0103, pot muta mun\u021bii din loc. Te-a deranjat vreodat\u0103 faptul c\u0103 autobuzele din ora\u0219ul t\u0103u nu au un program coerent sau nu ajung [&hellip;]<\/p>\n","protected":false},"author":4,"featured_media":390,"parent":241,"menu_order":0,"comment_status":"closed","ping_status":"closed","template":"","meta":[],"_links":{"self":[{"href":"https:\/\/www.romaniacurata.ro\/servicii-publice-locale\/wp-json\/wp\/v2\/pages\/389"}],"collection":[{"href":"https:\/\/www.romaniacurata.ro\/servicii-publice-locale\/wp-json\/wp\/v2\/pages"}],"about":[{"href":"https:\/\/www.romaniacurata.ro\/servicii-publice-locale\/wp-json\/wp\/v2\/types\/page"}],"author":[{"embeddable":true,"href":"https:\/\/www.romaniacurata.ro\/servicii-publice-locale\/wp-json\/wp\/v2\/users\/4"}],"replies":[{"embeddable":true,"href":"https:\/\/www.romaniacurata.ro\/servicii-publice-locale\/wp-json\/wp\/v2\/comments?post=389"}],"version-history":[{"count":6,"href":"https:\/\/www.romaniacurata.ro\/servicii-publice-locale\/wp-json\/wp\/v2\/pages\/389\/revisions"}],"predecessor-version":[{"id":402,"href":"https:\/\/www.romaniacurata.ro\/servicii-publice-locale\/wp-json\/wp\/v2\/pages\/389\/revisions\/402"}],"up":[{"embeddable":true,"href":"https:\/\/www.romaniacurata.ro\/servicii-publice-locale\/wp-json\/wp\/v2\/pages\/241"}],"wp:featuredmedia":[{"embeddable":true,"href":"https:\/\/www.romaniacurata.ro\/servicii-publice-locale\/wp-json\/wp\/v2\/media\/390"}],"wp:attachment":[{"href":"https:\/\/www.romaniacurata.ro\/servicii-publice-locale\/wp-json\/wp\/v2\/media?parent=389"}],"curies":[{"name":"wp","href":"https:\/\/api.w.org\/{rel}","templated":true}]}}