{"id":380,"date":"2022-09-19T13:45:02","date_gmt":"2022-09-19T10:45:02","guid":{"rendered":"http:\/\/www.romaniacurata.ro\/servicii-publice-locale\/?page_id=380"},"modified":"2023-12-04T14:44:09","modified_gmt":"2023-12-04T11:44:09","slug":"recrutare","status":"publish","type":"page","link":"https:\/\/www.romaniacurata.ro\/servicii-publice-locale\/comunicare\/recrutare\/","title":{"rendered":"Recrutare coordonatori"},"content":{"rendered":"<h1 class=\"entry-title\">Angaj\u0103m 8 coordonatori locali \u00een proiectul Cet\u0103\u021beni activi pentru servicii publice de calitate<\/h1>\n<div class=\"entry-content\">\n<p>E\u0219ti activist civic local \u0219i crezi, la fel ca noi, c\u0103 cet\u0103\u021benii pot muta mun\u021bii din loc? Dac\u0103 da, te a\u0219tept\u0103m \u00een echipa proiectului Cet\u0103\u021beni activi pentru servicii publice de calitate la nivel local. Societatea Academic\u0103 din Rom\u00e2nia \u0219i Act for Tomorrow lanseaz\u0103 apelul de recrutare a 8 coordonatori locali (post remunerat) pentru urm\u0103toarele 11 luni, persoane care vor gestiona\u00a0 campaniile locale de advocacy pentru cre\u0219terea calit\u0103\u021bii serviciilor publice de educa\u021bie, transport \u0219i gestiunea\u00a0 de\u0219eurilor<\/p>\n<p>Dac\u0103 e\u0219ti dintr-unul din urm\u0103toarele municipii re\u0219edin\u021b\u0103 de jude\u021b, acest anun\u021b este pentru tine:<\/p>\n<ul>\n<li>Bac\u0103u<\/li>\n<li>Constan\u021ba<\/li>\n<li>Giurgiu<\/li>\n<li>R\u00e2mnicu-V\u00e2lcea<\/li>\n<li>Deva<\/li>\n<li>Alba Iulia<\/li>\n<li>Baia Mare<\/li>\n<li>Sectorul 1<\/li>\n<\/ul>\n<p><strong>Ce vei avea de f\u0103cut?<\/strong><\/p>\n<ul>\n<li>Vei coordona grupul de ini\u021biativ\u0103 local\u0103, format din 9 activi\u0219ti voluntari, \u0219i campania de advocacy la nivel local;<\/li>\n<li>Vei gestiona rela\u021biile pe plan local\u00a0 cu reprezentan\u021bii autorit\u0103\u021bilor publice locale \u0219i deconcentrate;<\/li>\n<li>Vei asigura \u00eendeplinirea cu succes a activit\u0103\u021bilor aferente campaniei de advocacy pentru \u00eembun\u0103t\u0103\u021bire calit\u0103\u021bii serviciilor publice de educa\u021bie, gestiunea de\u0219eurilor \u0219i transport;<\/li>\n<li>Vei coordona mobilizarea comunitar\u0103 la nivel local.<\/li>\n<\/ul>\n<p>Persoanele selectate vor fi angajate cu contract individual de munc\u0103, part-time, cu un num\u0103r de 10 ore\/s\u0103pt\u0103m\u00e2n\u0103. Activitatea se va desf\u0103\u0219ura remote, f\u0103r\u0103 a fi nevoie de prezen\u021b\u0103 fizic\u0103 la sediul SAR sau AfT, fiind necesar\u0103 \u00een schimb prezen\u021ba \u00een localitatea de interven\u021bie pentru activit\u0103\u021bile din cadrul proiectului.<\/p>\n<p><strong>Ce oferim?<\/strong><\/p>\n<ul>\n<li>Posibilitatea de a fi parte a schimb\u0103rii, de a contribui la cre\u0219terea calit\u0103\u021bii serviciilor publice de educa\u021bie, transport \u0219i gestiunea a de\u0219eurilor din localitatea ta;<\/li>\n<li>Salariu atractiv, competitiv, la nivelul salariului mediu pe economie;<\/li>\n<li>Formare ini\u021bial\u0103 \u0219i continu\u0103;<\/li>\n<li>Mentorat din partea exper\u021bilor SAR \u0219i AfT.<\/li>\n<\/ul>\n<p><strong>Ce criterii\u00a0 trebuie s\u0103 \u00eendepline\u0219ti pentru a fi eligibil?<\/strong><\/p>\n<ul>\n<li>V\u00e2rst\u0103 de minimum 18 ani;<\/li>\n<li>Domiciliul\/re\u0219edin\u021ba \u00eentr-una din localit\u0103\u021bile de interven\u021bie;<\/li>\n<li>Absolvent cu diplom\u0103 de bacalaureat al studiilor liceale; calitatea de absolvent\/student al unei forme de \u00eenv\u0103\u021b\u0103m\u00e2nt superior constituie un avantaj;<\/li>\n<li>Experien\u021b\u0103 documentat\u0103 de minimum 2 ani \u00een activism civic local \u0219i mobilizare comunitar\u0103;<\/li>\n<li>Experien\u021b\u0103 \u00een activitatea de monitorizare a autorit\u0103\u021bilor publice locale \u0219i \u00een advocacy la nivel local.<\/li>\n<\/ul>\n<p>Dac\u0103 vrei s\u0103 faci parte din echipa proiectului Cet\u0103\u021beni activi pentru servicii publice de calitate la nivel local,\u00a0 trimite-ne CV-ul t\u0103u, al\u0103turi de o scrisoare de motiva\u021bie, p\u00e2n\u0103 la data de 18 noiembrie, orele 23:59, pe adresa <a href=\"mailto:office@sar.org.ro\">office@sar.org.ro \u0219i anda.metac@sar.org.ro<\/a><\/p>\n<p>Proiectul este derulat de Societatea Academic\u0103 din Rom\u00e2nia, \u00een parteneriat cu Asocia\u021bia Act For Tomorrow \u0219i Vellenes Fellesorganisasjon \u0219i beneficiaz\u0103 de o finan\u021bare \u00een valoare de 249.989 euro, prin programul Active Citizens Fund Rom\u00e2nia \u2013 finan\u021bat de Islanda, Liechtenstein \u0219i Norvegia prin Granturile SEE 2014-2021. Con\u021binutul acestui website nu reprezint\u0103 \u00een mod necesar pozi\u021bia oficial\u0103 a Granturilor SEE \u0219i Norvegiene 2014-2021; pentru mai multe informa\u021bii accesa\u021bi\u00a0<a href=\"http:\/\/www.eeagrants.org\/\">www.eeagrants.org<\/a>. Informa\u021bii despre Active Citizens Fund Rom\u00e2nia sunt disponibile la\u00a0<a href=\"http:\/\/www.activecitizensfund.ro\/\">www.activecitizensfund.ro<\/a>.<\/p>\n<p><strong>CINE SUNT CEI 8 COORDONATORI ALE\u0218I?<\/strong><\/p>\n<\/div>\n<p><img loading=\"lazy\" class=\"alignnone size-medium wp-image-1022\" src=\"http:\/\/www.romaniacurata.ro\/servicii-publice-locale\/wp-content\/uploads\/2023\/12\/WhatsApp-Image-2023-11-22-at-19.13.59-300x169.jpeg\" alt=\"\" width=\"300\" height=\"169\" srcset=\"https:\/\/www.romaniacurata.ro\/servicii-publice-locale\/wp-content\/uploads\/2023\/12\/WhatsApp-Image-2023-11-22-at-19.13.59-300x169.jpeg 300w, https:\/\/www.romaniacurata.ro\/servicii-publice-locale\/wp-content\/uploads\/2023\/12\/WhatsApp-Image-2023-11-22-at-19.13.59-768x433.jpeg 768w, https:\/\/www.romaniacurata.ro\/servicii-publice-locale\/wp-content\/uploads\/2023\/12\/WhatsApp-Image-2023-11-22-at-19.13.59.jpeg 1024w\" sizes=\"(max-width: 300px) 100vw, 300px\" \/><\/p>\n<p>&nbsp;<\/p>\n<div class=\"xdj266r x11i5rnm xat24cr x1mh8g0r x1vvkbs x126k92a\">\n<div dir=\"auto\">Pe parcursul ultimului an, am avut privilegiul de a lucra cu un grup remarcabil de opt coordonatori locali, adev\u0103ra\u021bi lideri \u00een comunit\u0103\u021bile lor. <span class=\"x3nfvp2 x1j61x8r x1fcty0u xdj266r xhhsvwb xat24cr xgzva0m xxymvpz xlup9mm x1kky2od\"><img loading=\"lazy\" class=\"xz74otr\" src=\"https:\/\/static.xx.fbcdn.net\/images\/emoji.php\/v9\/tf9\/1\/16\/1f44f_1f3fb.png\" alt=\"\ud83d\udc4f\ud83c\udffb\" width=\"16\" height=\"16\" \/><\/span><\/div>\n<div dir=\"auto\"><\/div>\n<\/div>\n<div class=\"x11i5rnm xat24cr x1mh8g0r x1vvkbs xtlvy1s x126k92a\">\n<div dir=\"auto\">Au format al\u0103turi de voluntarii din grupurile de ini\u021biativ\u0103 locale, echipe \u00een care implicarea civic\u0103 a fost la ordinea zilei.<\/div>\n<\/div>\n<div class=\"x11i5rnm xat24cr x1mh8g0r x1vvkbs xtlvy1s x126k92a\">\n<div dir=\"auto\"><\/div>\n<\/div>\n<div class=\"entry-content\">\n<p>Despre Programul Active Citizens Fund Rom\u00e2nia<br \/>\nProgramul Active Citizens Fund Rom\u00e2nia este finan\u021bat prin Granturile SEE 2014-2021. Obiectivul general al Granturilor este de a reduce disparit\u0103\u021bile economice \u0219i sociale \u0219i a consolida<br \/>\nrela\u021biile bilaterale dintre cele 15 state beneficiare \u0219i statele donatoare (Islanda, Liechtenstein, Norvegia). Programul este administrat de c\u0103tre consor\u021biul compus din Funda\u021bia pentru<br \/>\nDezvoltarea Societ\u0103\u021bii Civile, Funda\u021bia pentru Parteneriat, Centrul de Resurse pentru Comunit\u0103\u021bile de Romi, Funda\u021bia PACT \u0219i Frivillighet Norge, care ac\u021bioneaz\u0103 \u00een calitate de Operator<br \/>\nde Fond desemnat de c\u0103tre FMO \u2013 Oficiul Mecanismului Financiar al Granturilor SEE \u0219i Norvegiene. Active Citizens Fund Rom\u00e2nia vizeaz\u0103 consolidarea societ\u0103\u021bii civile \u0219i a cet\u0103\u021beniei<br \/>\nactive \u0219i cre\u0219terea capacit\u0103\u021bii grupurilor vulnerabile. Cu o alocare total\u0103 de 46.000.000 euro, programul urm\u0103re\u0219te dezvoltarea pe termen lung a sustenabilit\u0103\u021bii \u0219i capacit\u0103\u021bii sectorului<br \/>\nsociet\u0103\u021bii civile, intensific\u00e2nd rolul s\u0103u \u00een promovarea particip\u0103rii democratice, a cet\u0103\u021beniei active \u0219i a drepturilor omului \u0219i consolid\u00e2nd \u00een acela\u0219i timp rela\u021biile bilaterale cu statele<br \/>\ndonatoare Islanda, Liechtenstein \u0219i Norvegia. Pentru mai multe informa\u021bii despre Active Citizens Fund \u00een Rom\u00e2nia, v\u0103 rug\u0103m accesa\u021bi www.activecitizensfund.ro. Pentru mai multe<br \/>\ninforma\u021bii despre Granturile SEE \u0219i Norvegiene, accesa\u021bi www.eeagrants.ro.<\/p>\n<p>Lucr\u0103m \u00eempreun\u0103 pentru o Europ\u0103 verde, competitiv\u0103 \u0219i incluziv\u0103!<br \/>\nActive Citizens Fund \u2013 Rom\u00e2nia<br \/>\n#haide #ActiveCitizensFund #Romania #activecitizens #EEANorwayGrants<\/p>\n<\/div>\n","protected":false},"excerpt":{"rendered":"<p>Angaj\u0103m 8 coordonatori locali \u00een proiectul Cet\u0103\u021beni activi pentru servicii publice de calitate E\u0219ti activist civic local \u0219i crezi, la fel ca noi, c\u0103 cet\u0103\u021benii pot muta mun\u021bii din loc? Dac\u0103 da, te a\u0219tept\u0103m \u00een echipa proiectului Cet\u0103\u021beni activi pentru servicii publice de calitate la nivel local. Societatea Academic\u0103 din Rom\u00e2nia \u0219i Act for Tomorrow [&hellip;]<\/p>\n","protected":false},"author":4,"featured_media":386,"parent":241,"menu_order":0,"comment_status":"closed","ping_status":"closed","template":"","meta":[],"_links":{"self":[{"href":"https:\/\/www.romaniacurata.ro\/servicii-publice-locale\/wp-json\/wp\/v2\/pages\/380"}],"collection":[{"href":"https:\/\/www.romaniacurata.ro\/servicii-publice-locale\/wp-json\/wp\/v2\/pages"}],"about":[{"href":"https:\/\/www.romaniacurata.ro\/servicii-publice-locale\/wp-json\/wp\/v2\/types\/page"}],"author":[{"embeddable":true,"href":"https:\/\/www.romaniacurata.ro\/servicii-publice-locale\/wp-json\/wp\/v2\/users\/4"}],"replies":[{"embeddable":true,"href":"https:\/\/www.romaniacurata.ro\/servicii-publice-locale\/wp-json\/wp\/v2\/comments?post=380"}],"version-history":[{"count":7,"href":"https:\/\/www.romaniacurata.ro\/servicii-publice-locale\/wp-json\/wp\/v2\/pages\/380\/revisions"}],"predecessor-version":[{"id":1025,"href":"https:\/\/www.romaniacurata.ro\/servicii-publice-locale\/wp-json\/wp\/v2\/pages\/380\/revisions\/1025"}],"up":[{"embeddable":true,"href":"https:\/\/www.romaniacurata.ro\/servicii-publice-locale\/wp-json\/wp\/v2\/pages\/241"}],"wp:featuredmedia":[{"embeddable":true,"href":"https:\/\/www.romaniacurata.ro\/servicii-publice-locale\/wp-json\/wp\/v2\/media\/386"}],"wp:attachment":[{"href":"https:\/\/www.romaniacurata.ro\/servicii-publice-locale\/wp-json\/wp\/v2\/media?parent=380"}],"curies":[{"name":"wp","href":"https:\/\/api.w.org\/{rel}","templated":true}]}}