{"id":245,"date":"2021-10-04T16:40:15","date_gmt":"2021-10-04T13:40:15","guid":{"rendered":"http:\/\/www.romaniacurata.ro\/servicii-publice-locale\/?page_id=245"},"modified":"2023-02-23T13:45:32","modified_gmt":"2023-02-23T10:45:32","slug":"contacteaza-ne","status":"publish","type":"page","link":"https:\/\/www.romaniacurata.ro\/servicii-publice-locale\/contacteaza-ne\/","title":{"rendered":"Contacteaz\u0103-ne"},"content":{"rendered":"<p><strong>Contact:<\/strong><br \/>\n<em>Anda Me\u021bac, Societatea Academic\u0103 din Rom\u00e2nia<\/em><br \/>\n<em>Coordonatorul General de Advocacy<\/em><br \/>\n<em>anda.metac@sar.org.ro<\/em><br \/>\n<em>0720014900<\/em><\/p>\n<p><strong>Social media:<br \/>\n<\/strong>Instagram: <a href=\"https:\/\/www.instagram.com\/cetateniactivi\/?igshid=YmMyMTA2M2Y%3D&amp;__coig_restricted=1\"><em>https:\/\/instagram.com\/cetateniactivi?igshid=YmMyMTA2M2Y=<\/em><\/a><br \/>\nFacebook: <em><a href=\"https:\/\/www.facebook.com\/profile.php?id=100090760532065\">https:\/\/www.facebook.com\/profile.php?id=100090760532065<\/a><br \/>\nYoutube: <a href=\"https:\/\/www.youtube.com\/@cetateniactivi\">https:\/\/www.youtube.com\/@cetateniactivi<\/a><\/em><\/p>\n<p>&nbsp;<\/p>\n<p>__________________________<\/p>\n<p><img loading=\"lazy\" class=\"alignnone size-medium wp-image-330\" src=\"http:\/\/www.romaniacurata.ro\/servicii-publice-locale\/wp-content\/uploads\/2021\/10\/proiect-derulat-de-300x62.png\" alt=\"\" width=\"300\" height=\"62\" srcset=\"https:\/\/www.romaniacurata.ro\/servicii-publice-locale\/wp-content\/uploads\/2021\/10\/proiect-derulat-de-300x62.png 300w, https:\/\/www.romaniacurata.ro\/servicii-publice-locale\/wp-content\/uploads\/2021\/10\/proiect-derulat-de-1024x211.png 1024w, https:\/\/www.romaniacurata.ro\/servicii-publice-locale\/wp-content\/uploads\/2021\/10\/proiect-derulat-de-768x159.png 768w, https:\/\/www.romaniacurata.ro\/servicii-publice-locale\/wp-content\/uploads\/2021\/10\/proiect-derulat-de.png 1531w\" sizes=\"(max-width: 300px) 100vw, 300px\" \/><\/p>\n<p>Proiectul este derulat de Societatea Academic\u0103 din Rom\u00e2nia, \u00een parteneriat cu Asocia\u021bia Act For Tomorrow \u0219i Vellenes Fellesorganisasjon \u0219i beneficiaz\u0103 de o finan\u021bare \u00een valoare de 249.989 euro, prin programul Active Citizens Fund Rom\u00e2nia \u2013 finan\u021bat de Islanda, Liechtenstein \u0219i Norvegia prin Granturile SEE 2014-2021. Con\u021binutul acestui website nu reprezint\u0103 \u00een mod necesar pozi\u021bia oficial\u0103 a Granturilor SEE \u0219i Norvegiene 2014-2021; pentru mai multe informa\u021bii accesa\u021bi <a href=\"http:\/\/www.eeagrants.org\">www.eeagrants.org<\/a>. Informa\u021bii despre Active Citizens Fund Rom\u00e2nia sunt disponibile la <a href=\"http:\/\/www.activecitizensfund.ro\">www.activecitizensfund.ro<\/a>.<\/p>\n","protected":false},"excerpt":{"rendered":"<p>Contact: Anda Me\u021bac, Societatea Academic\u0103 din Rom\u00e2nia Coordonatorul General de Advocacy anda.metac@sar.org.ro 0720014900 Social media: Instagram: https:\/\/instagram.com\/cetateniactivi?igshid=YmMyMTA2M2Y= Facebook: https:\/\/www.facebook.com\/profile.php?id=100090760532065 Youtube: https:\/\/www.youtube.com\/@cetateniactivi &nbsp; __________________________ Proiectul este derulat de Societatea Academic\u0103 din Rom\u00e2nia, \u00een parteneriat cu Asocia\u021bia Act For Tomorrow \u0219i Vellenes Fellesorganisasjon \u0219i beneficiaz\u0103 de o finan\u021bare \u00een valoare de 249.989 euro, prin programul Active Citizens [&hellip;]<\/p>\n","protected":false},"author":1,"featured_media":0,"parent":0,"menu_order":0,"comment_status":"closed","ping_status":"closed","template":"","meta":[],"_links":{"self":[{"href":"https:\/\/www.romaniacurata.ro\/servicii-publice-locale\/wp-json\/wp\/v2\/pages\/245"}],"collection":[{"href":"https:\/\/www.romaniacurata.ro\/servicii-publice-locale\/wp-json\/wp\/v2\/pages"}],"about":[{"href":"https:\/\/www.romaniacurata.ro\/servicii-publice-locale\/wp-json\/wp\/v2\/types\/page"}],"author":[{"embeddable":true,"href":"https:\/\/www.romaniacurata.ro\/servicii-publice-locale\/wp-json\/wp\/v2\/users\/1"}],"replies":[{"embeddable":true,"href":"https:\/\/www.romaniacurata.ro\/servicii-publice-locale\/wp-json\/wp\/v2\/comments?post=245"}],"version-history":[{"count":6,"href":"https:\/\/www.romaniacurata.ro\/servicii-publice-locale\/wp-json\/wp\/v2\/pages\/245\/revisions"}],"predecessor-version":[{"id":427,"href":"https:\/\/www.romaniacurata.ro\/servicii-publice-locale\/wp-json\/wp\/v2\/pages\/245\/revisions\/427"}],"wp:attachment":[{"href":"https:\/\/www.romaniacurata.ro\/servicii-publice-locale\/wp-json\/wp\/v2\/media?parent=245"}],"curies":[{"name":"wp","href":"https:\/\/api.w.org\/{rel}","templated":true}]}}