{"id":241,"date":"2021-10-04T16:39:55","date_gmt":"2021-10-04T13:39:55","guid":{"rendered":"http:\/\/www.romaniacurata.ro\/servicii-publice-locale\/?page_id=241"},"modified":"2023-11-30T17:49:05","modified_gmt":"2023-11-30T14:49:05","slug":"comunicare","status":"publish","type":"page","link":"https:\/\/www.romaniacurata.ro\/servicii-publice-locale\/comunicare\/","title":{"rendered":"Comunicare"},"content":{"rendered":"<p>RAPORTUL NA\u021aIONAL DE DIAGNOZ\u0102 PRIVIND CALITATEA SERVICIILOR PUBLICE MUNICIPALE: ALBA IULIA, BAIA MARE, BAC\u0102U, CONSTAN\u021aA, DEVA, GIURGIU, R\u00c2MNICU V\u00c2LCEA, SECTOR 1<\/p>\n<p>\u00cenaintea alegerilor din 2024, Rom\u00e2nia se g\u0103se\u0219te \u00eentr-un moment de tranzi\u021bie \u0219i de reconfigurare a priorit\u0103\u021bilor na\u021bionale. Perioada post-pandemic\u0103 a adus cu sine provoc\u0103ri semnificative \u00een domenii precum s\u0103n\u0103tatea, economia \u0219i educa\u021bia, iar guvernul \u0219i administra\u021bia local\u0103 se confrunt\u0103 cu presiunea de a restabili echilibrul \u0219i de a implementa politici eficiente de recuperare. Aceast\u0103 etap\u0103 a evolu\u021biei Rom\u00e2niei este marcat\u0103 de un accent sporit pe aspectele de dezvoltare sustenabil\u0103, digitalizare \u0219i \u00eembun\u0103t\u0103\u021birea serviciilor publice la nivel local. Cu un electorat interesat \u0219i informat, alegerile din 2024 reprezint\u0103 o oportunitate crucial\u0103 pentru a configura viitorul \u021b\u0103rii \u0219i pentru a aborda priorit\u0103\u021bile na\u021bionale cu o viziune clar\u0103 \u0219i sustenabil\u0103.<\/p>\n<p>Studiul comparativ a fost realizat \u00een perioada 2021 \u2013 2023 \u0219i a vizat 8 UAT-uri (Alba Iulia, Baia Mare, Bac\u0103u, Constan\u021ba, Deva, Giurgiu, R\u00e2mnicu V\u00e2lcea, Sector 1 ). Pentru realizarea monitoriz\u0103rii modului \u00een care sunt gestionate serviciile publice educa\u021bie, transport public \u0219i managementul de\u0219eurilor), s-a \u021binut cont at\u00e2t de prevederile legale care trebuie respectate de c\u0103tre autorit\u0103\u021bile publice locale, conform normelor legislative \u00een vigoare, c\u00e2t \u0219i de bune practici \u0219i recomand\u0103ri interna\u021bionale.<\/p>\n<p>&nbsp;<\/p>\n<p>RAPORTUL COMPLET SE G\u0102SE\u0218TE <a href=\"https:\/\/publicatii.romaniacurata.ro\/publicatii\/raport-national-de-diagnoza-starea-serviciilor-publice-municipale\/\">AICI<\/a><\/p>\n<p><img loading=\"lazy\" class=\"alignnone size-medium wp-image-986\" src=\"http:\/\/www.romaniacurata.ro\/servicii-publice-locale\/wp-content\/uploads\/2023\/11\/WhatsApp-Image-2023-11-26-at-16.33.27-300x300.jpeg\" alt=\"\" width=\"300\" height=\"300\" srcset=\"https:\/\/www.romaniacurata.ro\/servicii-publice-locale\/wp-content\/uploads\/2023\/11\/WhatsApp-Image-2023-11-26-at-16.33.27-300x300.jpeg 300w, https:\/\/www.romaniacurata.ro\/servicii-publice-locale\/wp-content\/uploads\/2023\/11\/WhatsApp-Image-2023-11-26-at-16.33.27-150x150.jpeg 150w, https:\/\/www.romaniacurata.ro\/servicii-publice-locale\/wp-content\/uploads\/2023\/11\/WhatsApp-Image-2023-11-26-at-16.33.27-768x768.jpeg 768w, https:\/\/www.romaniacurata.ro\/servicii-publice-locale\/wp-content\/uploads\/2023\/11\/WhatsApp-Image-2023-11-26-at-16.33.27.jpeg 1024w\" sizes=\"(max-width: 300px) 100vw, 300px\" \/><\/p>\n<p>RAPORTUL NA\u021aIONAL DE DIAGNOZ\u0102 PRIVIND CALITATEA SERVICIILOR PUBLICE MUNICIPALE &#8211; CLASAMENTUL FINAL \u0218I FI\u0218ELE COMPLETE ALE MUNICIPIILOR\u00a0 LE G\u0102SI\u021aI<strong> <a href=\"https:\/\/drive.google.com\/file\/d\/1AMmii19vJqYLdilkETcZuu34GyoP3MkE\/view?usp=sharing\">AICI<\/a><\/strong><\/p>\n<p>&nbsp;<\/p>\n<p><img loading=\"lazy\" class=\"size-medium wp-image-366 aligncenter\" src=\"http:\/\/www.romaniacurata.ro\/servicii-publice-locale\/wp-content\/uploads\/2022\/06\/Coperta-Raport-Diagnoza_pages-to-jpg-0001-300x206.jpg\" alt=\"\" width=\"300\" height=\"206\" srcset=\"https:\/\/www.romaniacurata.ro\/servicii-publice-locale\/wp-content\/uploads\/2022\/06\/Coperta-Raport-Diagnoza_pages-to-jpg-0001-300x206.jpg 300w, https:\/\/www.romaniacurata.ro\/servicii-publice-locale\/wp-content\/uploads\/2022\/06\/Coperta-Raport-Diagnoza_pages-to-jpg-0001-1024x704.jpg 1024w, https:\/\/www.romaniacurata.ro\/servicii-publice-locale\/wp-content\/uploads\/2022\/06\/Coperta-Raport-Diagnoza_pages-to-jpg-0001-768x528.jpg 768w, https:\/\/www.romaniacurata.ro\/servicii-publice-locale\/wp-content\/uploads\/2022\/06\/Coperta-Raport-Diagnoza_pages-to-jpg-0001-1536x1056.jpg 1536w, https:\/\/www.romaniacurata.ro\/servicii-publice-locale\/wp-content\/uploads\/2022\/06\/Coperta-Raport-Diagnoza_pages-to-jpg-0001-2048x1408.jpg 2048w\" sizes=\"(max-width: 300px) 100vw, 300px\" \/><\/p>\n<p>&nbsp;<\/p>\n<p>Ca urmare a experien\u021bei directe \u0219i a sutelor de solicit\u0103ri pe care le intermediem anual \u00eentre cet\u0103\u021beni \u0219i administra\u021biile locale din toat\u0103 \u021bara, am constatat c\u0103 principalele servicii publice furnizate la nivel local care au nevoie de \u00eembun\u0103t\u0103\u021biri sunt <strong>educa\u021bia<\/strong>, <strong>transportul <\/strong><strong>public<\/strong> \u0219i <strong>gestionarea de\u0219eurilor<\/strong>. \u00cembun\u0103t\u0103\u021birea lor se poate realiza numai prin implicarea ta direct\u0103.<\/p>\n<p>Indiferent de rolul pe care vrei s\u0103 \u021bi-l asumi ca cet\u0103\u021bean, primul pas este acela de a te informa corect. In <em><strong>Ghidul pentru responsabilitate si implicare civic\u0103<\/strong><\/em>\u00a0po\u021bi consulta legisla\u021bia relevant\u0103 \u00een domeniu, modul de organizare, precum \u0219i rolul autorit\u0103\u021bii locale \u0219i al cet\u0103\u021beanului \u00een dezvoltarea serviciului public, po\u021bi g\u0103si exemple de bun\u0103 practic\u0103, dar \u0219i modele sau formulare de peti\u021bii.<\/p>\n<p><img loading=\"lazy\" class=\" wp-image-308 aligncenter\" src=\"http:\/\/www.romaniacurata.ro\/servicii-publice-locale\/wp-content\/uploads\/2021\/10\/grafica-ghid-coperta-1-211x300.png\" alt=\"\" width=\"318\" height=\"452\" srcset=\"https:\/\/www.romaniacurata.ro\/servicii-publice-locale\/wp-content\/uploads\/2021\/10\/grafica-ghid-coperta-1-211x300.png 211w, https:\/\/www.romaniacurata.ro\/servicii-publice-locale\/wp-content\/uploads\/2021\/10\/grafica-ghid-coperta-1.png 578w\" sizes=\"(max-width: 318px) 100vw, 318px\" \/><\/p>\n<div style=\"text-align: center\"><\/div>\n<div style=\"text-align: center\"><strong><em>Vrei s\u0103 determini autorit\u0103\u021bile publice locale s\u0103 asigure servicii publice de calitate?\u00a0<\/em><\/strong><\/div>\n<div><\/div>\n<div><\/div>\n<div style=\"text-align: center\"><em>Cu c\u00e2t sunt mai mul\u021bi cet\u0103\u021beni activi \u00eentr-o localitate, cu at\u00e2t mai mult opiniile lor vor fi luate \u00een considerare. <\/em><\/div>\n<div style=\"text-align: center\"><em>Alege s\u0103 te implici activ \u0219i s\u0103 \u00eembun\u0103t\u0103\u0163esti lucrurile care p\u00e2n\u0103 acum \u00ee\u0163i \u00eengreunau traiul!<\/em><\/div>\n<div><\/div>\n<div style=\"text-align: center\"><strong><em>Ce po\u021bi face tu, ca cet\u0103\u021bean, pentru a rezolva o problem\u0103?<\/em><\/strong><\/div>\n<div style=\"text-align: center\">\n<p>Ghidul cet\u0103\u021benilor activi este <a href=\"http:\/\/www.romaniacurata.ro\/servicii-publice-locale\/wp-content\/uploads\/2021\/10\/Ghid-pentru-responsabilitte-si-implicare-civica-2021-WEB_compressed_compressed.pdf\"><strong>AICI<\/strong><\/a>!<\/p>\n<\/div>\n<div style=\"text-align: center\"><em><strong>Consult\u0103-l<\/strong><\/em>\u00a0\u0219i afl\u0103 care ar fi, pe scurt, pa\u0219ii pentru rezolvarea unei probleme!<\/div>\n<div><\/div>\n<div><\/div>\n<div>___________________________<\/div>\n<div><strong>Materiale promo\u021bionale<\/strong><\/div>\n<p><img loading=\"lazy\" class=\"alignnone wp-image-359\" src=\"http:\/\/www.romaniacurata.ro\/servicii-publice-locale\/wp-content\/uploads\/2021\/12\/afis_A3_pages-to-jpg-0001-213x300.jpg\" alt=\"\" width=\"244\" height=\"344\" srcset=\"https:\/\/www.romaniacurata.ro\/servicii-publice-locale\/wp-content\/uploads\/2021\/12\/afis_A3_pages-to-jpg-0001-213x300.jpg 213w, https:\/\/www.romaniacurata.ro\/servicii-publice-locale\/wp-content\/uploads\/2021\/12\/afis_A3_pages-to-jpg-0001-729x1024.jpg 729w, https:\/\/www.romaniacurata.ro\/servicii-publice-locale\/wp-content\/uploads\/2021\/12\/afis_A3_pages-to-jpg-0001-768x1079.jpg 768w, https:\/\/www.romaniacurata.ro\/servicii-publice-locale\/wp-content\/uploads\/2021\/12\/afis_A3_pages-to-jpg-0001-1093x1536.jpg 1093w, https:\/\/www.romaniacurata.ro\/servicii-publice-locale\/wp-content\/uploads\/2021\/12\/afis_A3_pages-to-jpg-0001-1457x2048.jpg 1457w, https:\/\/www.romaniacurata.ro\/servicii-publice-locale\/wp-content\/uploads\/2021\/12\/afis_A3_pages-to-jpg-0001.jpg 1790w\" sizes=\"(max-width: 244px) 100vw, 244px\" \/><\/p>\n<p>&nbsp;<\/p>\n<p>__________________________<\/p>\n<p><img loading=\"lazy\" class=\"alignnone size-medium wp-image-330\" src=\"http:\/\/www.romaniacurata.ro\/servicii-publice-locale\/wp-content\/uploads\/2021\/10\/proiect-derulat-de-300x62.png\" alt=\"\" width=\"300\" height=\"62\" srcset=\"https:\/\/www.romaniacurata.ro\/servicii-publice-locale\/wp-content\/uploads\/2021\/10\/proiect-derulat-de-300x62.png 300w, https:\/\/www.romaniacurata.ro\/servicii-publice-locale\/wp-content\/uploads\/2021\/10\/proiect-derulat-de-1024x211.png 1024w, https:\/\/www.romaniacurata.ro\/servicii-publice-locale\/wp-content\/uploads\/2021\/10\/proiect-derulat-de-768x159.png 768w, https:\/\/www.romaniacurata.ro\/servicii-publice-locale\/wp-content\/uploads\/2021\/10\/proiect-derulat-de.png 1531w\" sizes=\"(max-width: 300px) 100vw, 300px\" \/><\/p>\n<p>Proiectul este derulat de Societatea Academic\u0103 din Rom\u00e2nia, \u00een parteneriat cu Asocia\u021bia Act For Tomorrow \u0219i Vellenes Fellesorganisasjon \u0219i beneficiaz\u0103 de o finan\u021bare \u00een valoare de 249.989 euro, prin programul Active Citizens Fund Rom\u00e2nia \u2013 finan\u021bat de Islanda, Liechtenstein \u0219i Norvegia prin Granturile SEE 2014-2021. Con\u021binutul acestui website nu reprezint\u0103 \u00een mod necesar pozi\u021bia oficial\u0103 a Granturilor SEE \u0219i Norvegiene 2014-2021; pentru mai multe informa\u021bii accesa\u021bi <a href=\"http:\/\/www.eeagrants.org\">www.eeagrants.org<\/a>. Informa\u021bii despre Active Citizens Fund Rom\u00e2nia sunt disponibile la <a href=\"http:\/\/www.activecitizensfund.ro\">www.activecitizensfund.ro<\/a>.<\/p>\n","protected":false},"excerpt":{"rendered":"<p>RAPORTUL NA\u021aIONAL DE DIAGNOZ\u0102 PRIVIND CALITATEA SERVICIILOR PUBLICE MUNICIPALE: ALBA IULIA, BAIA MARE, BAC\u0102U, CONSTAN\u021aA, DEVA, GIURGIU, R\u00c2MNICU V\u00c2LCEA, SECTOR 1 \u00cenaintea alegerilor din 2024, Rom\u00e2nia se g\u0103se\u0219te \u00eentr-un moment de tranzi\u021bie \u0219i de reconfigurare a priorit\u0103\u021bilor na\u021bionale. Perioada post-pandemic\u0103 a adus cu sine provoc\u0103ri semnificative \u00een domenii precum s\u0103n\u0103tatea, economia \u0219i educa\u021bia, iar guvernul [&hellip;]<\/p>\n","protected":false},"author":1,"featured_media":0,"parent":0,"menu_order":0,"comment_status":"closed","ping_status":"closed","template":"","meta":[],"_links":{"self":[{"href":"https:\/\/www.romaniacurata.ro\/servicii-publice-locale\/wp-json\/wp\/v2\/pages\/241"}],"collection":[{"href":"https:\/\/www.romaniacurata.ro\/servicii-publice-locale\/wp-json\/wp\/v2\/pages"}],"about":[{"href":"https:\/\/www.romaniacurata.ro\/servicii-publice-locale\/wp-json\/wp\/v2\/types\/page"}],"author":[{"embeddable":true,"href":"https:\/\/www.romaniacurata.ro\/servicii-publice-locale\/wp-json\/wp\/v2\/users\/1"}],"replies":[{"embeddable":true,"href":"https:\/\/www.romaniacurata.ro\/servicii-publice-locale\/wp-json\/wp\/v2\/comments?post=241"}],"version-history":[{"count":13,"href":"https:\/\/www.romaniacurata.ro\/servicii-publice-locale\/wp-json\/wp\/v2\/pages\/241\/revisions"}],"predecessor-version":[{"id":987,"href":"https:\/\/www.romaniacurata.ro\/servicii-publice-locale\/wp-json\/wp\/v2\/pages\/241\/revisions\/987"}],"wp:attachment":[{"href":"https:\/\/www.romaniacurata.ro\/servicii-publice-locale\/wp-json\/wp\/v2\/media?parent=241"}],"curies":[{"name":"wp","href":"https:\/\/api.w.org\/{rel}","templated":true}]}}