{"id":239,"date":"2021-10-04T16:39:34","date_gmt":"2021-10-04T13:39:34","guid":{"rendered":"http:\/\/www.romaniacurata.ro\/servicii-publice-locale\/?page_id=239"},"modified":"2021-10-18T11:18:40","modified_gmt":"2021-10-18T08:18:40","slug":"ia-statul-la-intrebari","status":"publish","type":"page","link":"https:\/\/www.romaniacurata.ro\/servicii-publice-locale\/ia-statul-la-intrebari\/","title":{"rendered":"Ia statul la \u00eentreb\u0103ri"},"content":{"rendered":"<p>Accesul liber \u015fi ne\u00eengr\u0103dit al persoanei la orice informa\u0163ii de interes public constituie unul dintre principiile fundamentale ale rela\u0163iilor dintre persoane \u015fi autorit\u0103\u0163ile publice, \u00een conformitate cu Constitu\u0163ia Rom\u00e2niei \u015fi cu documentele interna\u0163ionale ratificate de Parlamentul Rom\u00e2niei.<\/p>\n<p>Autorit\u0103\u0163ile \u015fi institu\u0163iile publice au <em><strong>obliga\u0163ia<\/strong><\/em> sa \u00ee\u015fi desf\u0103\u015foare activitatea \u00eentr-o maniera deschis\u0103 fata de public, \u00een care <em>accesul liber \u015fi neingradit<\/em> la informa\u0163iile de interes public sa constituie regula, iar limitarea accesului la informa\u0163ie sa constituie excep\u0163ia.<\/p>\n<p>Potrivit <em><strong>Legii 544 din 12 octombrie 2001<\/strong><\/em>\u00a0privind liberul acces la informa\u021biile de interes public, orice persoan\u0103 are dreptul s\u0103 solicite \u015fi s\u0103 ob\u0163in\u0103 de la autorit\u0103\u0163ile \u015fi institu\u0163iile publice informa\u0163ii de interes public.<\/p>\n<p>&nbsp;<\/p>\n<p>__________________________<\/p>\n<p><img loading=\"lazy\" class=\"alignnone size-medium wp-image-330\" src=\"http:\/\/www.romaniacurata.ro\/servicii-publice-locale\/wp-content\/uploads\/2021\/10\/proiect-derulat-de-300x62.png\" alt=\"\" width=\"300\" height=\"62\" srcset=\"https:\/\/www.romaniacurata.ro\/servicii-publice-locale\/wp-content\/uploads\/2021\/10\/proiect-derulat-de-300x62.png 300w, https:\/\/www.romaniacurata.ro\/servicii-publice-locale\/wp-content\/uploads\/2021\/10\/proiect-derulat-de-1024x211.png 1024w, https:\/\/www.romaniacurata.ro\/servicii-publice-locale\/wp-content\/uploads\/2021\/10\/proiect-derulat-de-768x159.png 768w, https:\/\/www.romaniacurata.ro\/servicii-publice-locale\/wp-content\/uploads\/2021\/10\/proiect-derulat-de.png 1531w\" sizes=\"(max-width: 300px) 100vw, 300px\" \/><\/p>\n<p>Proiectul este derulat de Societatea Academic\u0103 din Rom\u00e2nia, \u00een parteneriat cu Asocia\u021bia Act For Tomorrow \u0219i Vellenes Fellesorganisasjon \u0219i beneficiaz\u0103 de o finan\u021bare \u00een valoare de 249.989 euro, prin programul Active Citizens Fund Rom\u00e2nia \u2013 finan\u021bat de Islanda, Liechtenstein \u0219i Norvegia prin Granturile SEE 2014-2021. Con\u021binutul acestui website nu reprezint\u0103 \u00een mod necesar pozi\u021bia oficial\u0103 a Granturilor SEE \u0219i Norvegiene 2014-2021; pentru mai multe informa\u021bii accesa\u021bi <a href=\"http:\/\/www.eeagrants.org\">www.eeagrants.org<\/a>. Informa\u021bii despre Active Citizens Fund Rom\u00e2nia sunt disponibile la <a href=\"http:\/\/www.activecitizensfund.ro\">www.activecitizensfund.ro<\/a>.<\/p>\n","protected":false},"excerpt":{"rendered":"<p>Accesul liber \u015fi ne\u00eengr\u0103dit al persoanei la orice informa\u0163ii de interes public constituie unul dintre principiile fundamentale ale rela\u0163iilor dintre persoane \u015fi autorit\u0103\u0163ile publice, \u00een conformitate cu Constitu\u0163ia Rom\u00e2niei \u015fi cu documentele interna\u0163ionale ratificate de Parlamentul Rom\u00e2niei. Autorit\u0103\u0163ile \u015fi institu\u0163iile publice au obliga\u0163ia sa \u00ee\u015fi desf\u0103\u015foare activitatea \u00eentr-o maniera deschis\u0103 fata de public, \u00een care [&hellip;]<\/p>\n","protected":false},"author":1,"featured_media":0,"parent":0,"menu_order":0,"comment_status":"closed","ping_status":"closed","template":"","meta":[],"_links":{"self":[{"href":"https:\/\/www.romaniacurata.ro\/servicii-publice-locale\/wp-json\/wp\/v2\/pages\/239"}],"collection":[{"href":"https:\/\/www.romaniacurata.ro\/servicii-publice-locale\/wp-json\/wp\/v2\/pages"}],"about":[{"href":"https:\/\/www.romaniacurata.ro\/servicii-publice-locale\/wp-json\/wp\/v2\/types\/page"}],"author":[{"embeddable":true,"href":"https:\/\/www.romaniacurata.ro\/servicii-publice-locale\/wp-json\/wp\/v2\/users\/1"}],"replies":[{"embeddable":true,"href":"https:\/\/www.romaniacurata.ro\/servicii-publice-locale\/wp-json\/wp\/v2\/comments?post=239"}],"version-history":[{"count":6,"href":"https:\/\/www.romaniacurata.ro\/servicii-publice-locale\/wp-json\/wp\/v2\/pages\/239\/revisions"}],"predecessor-version":[{"id":342,"href":"https:\/\/www.romaniacurata.ro\/servicii-publice-locale\/wp-json\/wp\/v2\/pages\/239\/revisions\/342"}],"wp:attachment":[{"href":"https:\/\/www.romaniacurata.ro\/servicii-publice-locale\/wp-json\/wp\/v2\/media?parent=239"}],"curies":[{"name":"wp","href":"https:\/\/api.w.org\/{rel}","templated":true}]}}