{"id":237,"date":"2021-10-04T16:39:15","date_gmt":"2021-10-04T13:39:15","guid":{"rendered":"http:\/\/www.romaniacurata.ro\/servicii-publice-locale\/?page_id=237"},"modified":"2021-10-18T11:40:31","modified_gmt":"2021-10-18T08:40:31","slug":"monitorizare","status":"publish","type":"page","link":"https:\/\/www.romaniacurata.ro\/servicii-publice-locale\/monitorizare\/","title":{"rendered":"Monitorizare"},"content":{"rendered":"<p>Indicatori calitativi \u0219i cantitativi monitoriza\u021bi:<\/p>\n<ul>\n<li><strong>educa\u021bie<\/strong>: (1) acordarea \u0219i cuantumul burselor pentru elevi, (2) asigurarea pazei unit\u0103\u021bilor de \u00eenv\u0103\u021b\u0103m\u00e2nt, (3) sumele alocate pentru pentru investi\u021bii, repara\u021bii \u0219i consolid\u0103ri, (4) existen\u021ba \u0219i gradul de dotare a cabinetelor medicale \u0219i stomatologice \u0219colare, (5) accesibilitatea pentru persoanele cu dizabilit\u0103\u021bi.<\/li>\n<li><strong>transport public<\/strong>: (1) accesibilitate teritorial\u0103, (2) capacitate, (3) parc auto, (4) deservire metropolitan\u0103, (5) asigurarea subven\u021biilor \u0219i accesului pentru grupurile vulnerabile.<\/li>\n<li><strong>gestionarea de\u0219eurilor<\/strong>: (1) colectarea selectiv\u0103 \u0219i separat\u0103, (2) reutilizare \u0219i reciclare, (3) implementarea mecanismului \u201cpl\u0103te\u0219te pentru c\u00e2t arunci\u201d, (4) existen\u021ba unor solu\u021bii de colectare a DEEE \u0219i DBA, textile, mobile \u0219i construc\u021bii industriale, (5) informarea popula\u021biei, (6) existen\u021ba pubelelor de colectare separat\u0103 \u00een unit\u0103\u021bi \u0219colare, (7) sta\u021biile de depozitare, de sortare \u0219i capacitatea acestora.<\/li>\n<\/ul>\n<p>&nbsp;<\/p>\n<p>&nbsp;<\/p>\n<p>&nbsp;<\/p>\n","protected":false},"excerpt":{"rendered":"<p>Indicatori calitativi \u0219i cantitativi monitoriza\u021bi: educa\u021bie: (1) acordarea \u0219i cuantumul burselor pentru elevi, (2) asigurarea pazei unit\u0103\u021bilor de \u00eenv\u0103\u021b\u0103m\u00e2nt, (3) sumele alocate pentru pentru investi\u021bii, repara\u021bii \u0219i consolid\u0103ri, (4) existen\u021ba \u0219i gradul de dotare a cabinetelor medicale \u0219i stomatologice \u0219colare, (5) accesibilitatea pentru persoanele cu dizabilit\u0103\u021bi. transport public: (1) accesibilitate teritorial\u0103, (2) capacitate, (3) parc [&hellip;]<\/p>\n","protected":false},"author":1,"featured_media":0,"parent":0,"menu_order":0,"comment_status":"closed","ping_status":"closed","template":"","meta":[],"_links":{"self":[{"href":"https:\/\/www.romaniacurata.ro\/servicii-publice-locale\/wp-json\/wp\/v2\/pages\/237"}],"collection":[{"href":"https:\/\/www.romaniacurata.ro\/servicii-publice-locale\/wp-json\/wp\/v2\/pages"}],"about":[{"href":"https:\/\/www.romaniacurata.ro\/servicii-publice-locale\/wp-json\/wp\/v2\/types\/page"}],"author":[{"embeddable":true,"href":"https:\/\/www.romaniacurata.ro\/servicii-publice-locale\/wp-json\/wp\/v2\/users\/1"}],"replies":[{"embeddable":true,"href":"https:\/\/www.romaniacurata.ro\/servicii-publice-locale\/wp-json\/wp\/v2\/comments?post=237"}],"version-history":[{"count":5,"href":"https:\/\/www.romaniacurata.ro\/servicii-publice-locale\/wp-json\/wp\/v2\/pages\/237\/revisions"}],"predecessor-version":[{"id":347,"href":"https:\/\/www.romaniacurata.ro\/servicii-publice-locale\/wp-json\/wp\/v2\/pages\/237\/revisions\/347"}],"wp:attachment":[{"href":"https:\/\/www.romaniacurata.ro\/servicii-publice-locale\/wp-json\/wp\/v2\/media?parent=237"}],"curies":[{"name":"wp","href":"https:\/\/api.w.org\/{rel}","templated":true}]}}