{"id":235,"date":"2021-10-04T16:39:03","date_gmt":"2021-10-04T13:39:03","guid":{"rendered":"http:\/\/www.romaniacurata.ro\/servicii-publice-locale\/?page_id=235"},"modified":"2021-10-18T11:17:07","modified_gmt":"2021-10-18T08:17:07","slug":"activitati","status":"publish","type":"page","link":"https:\/\/www.romaniacurata.ro\/servicii-publice-locale\/activitati\/","title":{"rendered":"Activit\u0103\u021bi"},"content":{"rendered":"<p><strong>Management de proiect<\/strong><br \/>\nVor fi elaborate proceduri de lucru, planul detaliat al proiectului cu indicarea resurselor financiare, umane, tehnice, logistice, alocarea de sarcini, responsabilii \u0219i termenele de realizare necesare atingerii obiectivelor \u0219i indicatorilor asuma\u021bi etc. Va fi monitorizat\u0103 atingerea obiectivelor \u0219i indicatorilor \u00een cadrul fiec\u0103rei activit\u0103\u021bi cu respectarea buclei de control &#8211; respectiv monitorizare-control-remonitorizare.<\/p>\n<p><strong>Informare \u0219i comunicare<\/strong><br \/>\nPlanul de comunicare va detalia mesajele de comunicare, grupurile \u021bint\u0103, materialele \u0219i canalele folosite, graficul de timp pentru implementarea \u0219i monitorizarea ac\u021biunilor \u0219i rezultatelor de informare \u0219i comunicare.<br \/>\nVor fi realizate pachete de identitate vizual\u0103 &#8211; materiale promo\u021bionale \u0219i informative, ghidul de implicare civic\u0103 etc.<br \/>\n<em>Evenimente<\/em>:<br \/>\n\u2022 1 conferin\u021b\u0103 de lansare a raportului na\u021bional Diagnoza serviciilor publice locale monitorizate;<br \/>\n\u2022 8 conferin\u021be de pres\u0103 locale;<br \/>\n\u2022 3 dezbateri na\u021bionale organizate pe tema fiec\u0103rui serviciu public monitorizat;<br \/>\n\u2022 8 sesiuni de informare \u0219i con\u0219tientizare organizate la nivel local;<br \/>\n\u2022 24 campanii de advocacy la nivel local;<br \/>\n\u2022 1 conferin\u021b\u0103 final\u0103 a proiectului.<\/p>\n<p><strong><img loading=\"lazy\" class=\"wp-image-284 alignleft\" src=\"http:\/\/www.romaniacurata.ro\/servicii-publice-locale\/wp-content\/uploads\/2021\/10\/protester-300x300.png\" alt=\"\" width=\"231\" height=\"231\" srcset=\"https:\/\/www.romaniacurata.ro\/servicii-publice-locale\/wp-content\/uploads\/2021\/10\/protester-300x300.png 300w, https:\/\/www.romaniacurata.ro\/servicii-publice-locale\/wp-content\/uploads\/2021\/10\/protester-150x150.png 150w, https:\/\/www.romaniacurata.ro\/servicii-publice-locale\/wp-content\/uploads\/2021\/10\/protester.png 512w\" sizes=\"(max-width: 231px) 100vw, 231px\" \/><\/strong><\/p>\n<p>&nbsp;<\/p>\n<p><strong>Realizarea instrumentelor pentru monitorizare \u0219i advocacy<\/strong><br \/>\nVor fi dezvoltate instrumente prin care s\u0103 poata fi monitorizate si peti\u021bionate institu\u021biile publice:<br \/>\n\u2022 Dezvoltarea aplica\u021biei \u201eIa Statul La \u00centreb\u0103ri\u201d &#8211; www.iastatullaintrebari.ro ;<br \/>\n\u2022 Dezvoltarea platformei de monitorizare a serviciilor publice locale, care s\u0103 genereze 1 hart\u0103 comparativ\u0103 \u0219i interactiv\u0103 privind calitatea celor 3 servicii publice monitorizate;<br \/>\n\u2022 Elaborarea unui ghid de implicare civic\u0103 la nivel local;<br \/>\n\u2022 Realizarea unui curs video despre monitorizarea activit\u0103\u021bii autorit\u0103\u021bilor \u0219i procesul de advocacy la nivel local.<\/p>\n<p>&nbsp;<\/p>\n<p>&nbsp;<\/p>\n<p><strong>Monitorizarea serviciilor publice locale (educa\u021bie, transport public \u0219i gestionarea de\u0219eurilor)<\/strong><br \/>\n<em>Indicatori calitativi \u0219i cantitativi monitoriza\u021bi:<\/em><br \/>\n\u2022 <em><strong>educa\u021bie<\/strong><\/em>: (1) acordarea \u0219i cuantumul burselor pentru elevi, (2) asigurarea pazei unit\u0103\u021bilor de \u00eenv\u0103\u021b\u0103m\u00e2nt, (3) sumele alocate pentru pentru investi\u021bii, repara\u021bii \u0219i consolid\u0103ri, (4) existen\u021ba \u0219i gradul de dotare a cabinetelor medicale \u0219i stomatologice \u0219colare, (5) accesibilitatea pentru persoanele cu dizabilit\u0103\u021bi.<br \/>\n\u2022 <em><strong>transport public<\/strong><\/em>: (1) accesibilitate teritorial\u0103, (2) capacitate, (3) parc auto, (4) deservire metropolitan\u0103, (5) asigurarea subven\u021biilor \u0219i (6) asigurarea accesului pentru grupurile vulnerabile.<br \/>\n\u2022 <em><strong>gestionarea de\u0219eurilor<\/strong><\/em>: (1) colectarea selectiv\u0103 \u0219i separat\u0103, (2) reutilizare \u0219i reciclare, (3) implementarea mecanismului \u201cpl\u0103te\u0219te pentru c\u00e2t arunci\u201d, (4) existen\u021ba unor solu\u021bii de colectare a DEEE \u0219i DBA, textile, mobile \u0219i construc\u021bii industriale, (5) informarea popula\u021biei, (6) existen\u021ba pubelelor de colectare separat\u0103 \u00een unit\u0103\u021bi \u0219colare, (7) existen\u021ba sta\u021biilor de depozitare, de sortare \u0219i capacitatea lor.<\/p>\n<p><strong>Diagnoza serviciilor publice locale monitorizate<\/strong><br \/>\nVor fi f\u0103cute analize pe fiecare tip de serviciu public la nivelul municipalit\u0103\u021bilor monitorizate \u0219i vor fi redactate urm\u0103torele:<br \/>\n\u2022 141 de analize \u0219i 47 de rapoarte privind calitatea serviciilor locale (pentru fiecare UAT);<br \/>\n\u2022 1 hart\u0103 interactiv\u0103 \u0219i comparativ\u0103 privind calitatea serviciilor locale;<br \/>\n\u2022 1 raport na\u021bional de diagnoz\u0103 privind calitatea celor 3 servicii publice municipale;<br \/>\n\u2022 1 diagnoz\u0103 final\u0103 axat\u0103 pe calitatea celor 3 servicii publice municipale furnizate \u00een cadrul celor 8 localit\u0103\u021bi selectate.<\/p>\n<p><strong>Organizarea unei sesiuni de formare de formatori \u00een Norvegia \u0219i preg\u0103tirea transferului de bune practici<\/strong><\/p>\n<p>Va fi organizat\u0103 o sesiune de Training of Trainers (ToT) la partenerul norvegian, astfel \u00eenc\u00e2t formatorii aplicantului si partenerilor s\u0103 internalizeze modelul nordic de implicare a cet\u0103\u021benilor \u0219i s\u0103 identifice elementele transferabile \u00een Rom\u00e2nia la nivel local. Va fi redactat un\u00a0model de implicare civic\u0103 la nivel local care va contribui la dezvoltarea unor metode de mobilizare \u0219i implicare transferabil la nivelul comunit\u0103\u021bilor locale din Rom\u00e2nia.<strong>\u00a0 \u00a0 \u00a0 \u00a0 \u00a0 \u00a0 \u00a0 \u00a0 \u00a0 \u00a0 \u00a0 \u00a0 \u00a0 \u00a0 \u00a0<\/strong><\/p>\n<p><img loading=\"lazy\" class=\" wp-image-327\" src=\"http:\/\/www.romaniacurata.ro\/servicii-publice-locale\/wp-content\/uploads\/2021\/10\/Volunteers-cleaning-up-garbage-in-city-park-web-1-1-300x160.jpg\" alt=\"\" width=\"366\" height=\"196\" srcset=\"https:\/\/www.romaniacurata.ro\/servicii-publice-locale\/wp-content\/uploads\/2021\/10\/Volunteers-cleaning-up-garbage-in-city-park-web-1-1-300x160.jpg 300w, https:\/\/www.romaniacurata.ro\/servicii-publice-locale\/wp-content\/uploads\/2021\/10\/Volunteers-cleaning-up-garbage-in-city-park-web-1-1-1024x546.jpg 1024w, https:\/\/www.romaniacurata.ro\/servicii-publice-locale\/wp-content\/uploads\/2021\/10\/Volunteers-cleaning-up-garbage-in-city-park-web-1-1-768x410.jpg 768w, https:\/\/www.romaniacurata.ro\/servicii-publice-locale\/wp-content\/uploads\/2021\/10\/Volunteers-cleaning-up-garbage-in-city-park-web-1-1-1536x819.jpg 1536w, https:\/\/www.romaniacurata.ro\/servicii-publice-locale\/wp-content\/uploads\/2021\/10\/Volunteers-cleaning-up-garbage-in-city-park-web-1-1.jpg 2000w\" sizes=\"(max-width: 366px) 100vw, 366px\" \/><\/p>\n<p><strong>Constituirea Grupurilor de Implicare Local\u0103 (GIL)<\/strong><\/p>\n<p>Vor fi recruta\u021bi 8 coordonatori locali \u0219i al\u021bi 72 de monitori ai serviciilor publice pentru constituirea a 8 GIL care vor desf\u0103\u0219ura campaniile de advocacy pt. \u00eembun\u0103t\u0103\u021birea calit\u0103\u021bii serviciilor publice locale. \u00cen GIL vor fi incluse ca monitori persoane din asocia\u021biile de elevi\/consiliile jude\u021bene ale elevilor, asocia\u021biile de p\u0103rin\u021bi, cet\u0103\u021benii care locuiesc \u00een zone prost deservite, cet\u0103\u021benii care stau \u00een zone afectate de slaba calitate a serviciului de transport sau gestionare a de\u0219eurilor sau care au fost implica\u021bi anterior \u00een ac\u021biuni civice relevante.<\/p>\n<p><strong>Formarea membrilor GIL \u0219i stabilirea Planurilor locale de ac\u021biune cet\u0103\u021beneasc\u0103<\/strong><br \/>\nVor fi organizate 8 sesiuni de formare a GIL prin care cei 80 de membri s\u0103 dob\u00e2ndeasc\u0103 no\u021biunile \u0219i instrumentele necesare pentru a desf\u0103\u0219ura c\u00e2te o campanie de advocacy. In urma sesiunilor vor fi elaborate 8 Planuri de ac\u021biune cet\u0103\u021beneasc\u0103 pentru \u00eembun\u0103t\u0103\u021birea calit\u0103\u021bii serviciilor publice monitorizate. Formarea membrilor GIL va fi una continua, pe tot parcursul existen\u021bei acestuia la nivel local.<\/p>\n<p><strong>Desf\u0103\u0219urarea campaniei de advocacy<\/strong><br \/>\nVor fi implica\u021bi cei 80 de membri ai GIL, dar \u0219i comunit\u0103\u021bile locale \u0219i participan\u021bii la sesiunile de informare \u0219i con\u0219tientizare civic\u0103. Campaniile bazate pe activit\u0103\u021bi de watchdog sunt:<br \/>\n\u2022 24 de campanii de advocacy la nivel local;<br \/>\n\u2022 3 campanii de advocacy na\u021bionale;<br \/>\n\u2022 3 dezbateri privind \u00eembun\u0103t\u0103\u021birea cadrului de politici publice;<br \/>\n\u2022 8 sesiuni de informare privind calitatea serviciilor publice.<\/p>\n<p><strong>Derularea de litiga\u021bii strategice pentru \u00eembun\u0103t\u0103\u021birea serviciilor publice monitorizate<\/strong><br \/>\nVor fi lansate litiga\u021bii \u00eempotriva autorit\u0103\u021bilor locale care fie nu r\u0103spund solicit\u0103rilor FOIA, fie refuz\u0103 s\u0103 aplice legea. \u00cen identificarea motivelor \u0219i formularea ac\u021biunilor \u00een instan\u021b\u0103 vor fi implica\u021bi cei 80 membri GIL.<\/p>\n<p><img loading=\"lazy\" class=\" wp-image-286 aligncenter\" src=\"http:\/\/www.romaniacurata.ro\/servicii-publice-locale\/wp-content\/uploads\/2021\/10\/5218235-300x200.jpg\" alt=\"\" width=\"353\" height=\"236\" srcset=\"https:\/\/www.romaniacurata.ro\/servicii-publice-locale\/wp-content\/uploads\/2021\/10\/5218235-300x200.jpg 300w, https:\/\/www.romaniacurata.ro\/servicii-publice-locale\/wp-content\/uploads\/2021\/10\/5218235-1024x683.jpg 1024w, https:\/\/www.romaniacurata.ro\/servicii-publice-locale\/wp-content\/uploads\/2021\/10\/5218235-768x512.jpg 768w, https:\/\/www.romaniacurata.ro\/servicii-publice-locale\/wp-content\/uploads\/2021\/10\/5218235-1536x1024.jpg 1536w, https:\/\/www.romaniacurata.ro\/servicii-publice-locale\/wp-content\/uploads\/2021\/10\/5218235-2048x1365.jpg 2048w\" sizes=\"(max-width: 353px) 100vw, 353px\" \/><\/p>\n<p><strong>Consolidarea activit\u0103\u021bii GIL<\/strong><br \/>\n\u2022 8 \u00eent\u00e2lniri locale organizate;<br \/>\n\u2022 8 rapoarte de monitorizare privind schimb\u0103rile \u00eenregistrate \u00een urma interven\u021biei proiectului;<br \/>\n\u2022 8 concursuri cu premii pe tema calit\u0103\u021bii serviciilor publice locale;<br \/>\n\u2022 dezbatere na\u021bional\u0103 privind rezultatul activit\u0103\u021bilor de monitorizare \u0219i de advocacy desf\u0103\u0219urate.<\/p>\n<p><strong>Dezvoltarea organiza\u021bional\u0103 a SAR<\/strong><br \/>\nPrin aceasta activitate SAR vizeaza consolidarea procedurilor transparente \u0219i responsabile de guvernan\u021b\u0103 organiza\u021bional\u0103, dar \u0219i a procedurilor de management, prin sesiune de evaluare organiza\u021bional\u0103, sesiune de formare \u0219i coaching pentru realizarea \u0219i punerea \u00een practic\u0103 a procedurilor.<\/p>\n<p>&nbsp;<\/p>\n<p>__________________________<\/p>\n<p><img loading=\"lazy\" class=\"alignnone size-medium wp-image-330\" src=\"http:\/\/www.romaniacurata.ro\/servicii-publice-locale\/wp-content\/uploads\/2021\/10\/proiect-derulat-de-300x62.png\" alt=\"\" width=\"300\" height=\"62\" srcset=\"https:\/\/www.romaniacurata.ro\/servicii-publice-locale\/wp-content\/uploads\/2021\/10\/proiect-derulat-de-300x62.png 300w, https:\/\/www.romaniacurata.ro\/servicii-publice-locale\/wp-content\/uploads\/2021\/10\/proiect-derulat-de-1024x211.png 1024w, https:\/\/www.romaniacurata.ro\/servicii-publice-locale\/wp-content\/uploads\/2021\/10\/proiect-derulat-de-768x159.png 768w, https:\/\/www.romaniacurata.ro\/servicii-publice-locale\/wp-content\/uploads\/2021\/10\/proiect-derulat-de.png 1531w\" sizes=\"(max-width: 300px) 100vw, 300px\" \/><\/p>\n<p>Proiectul este derulat de Societatea Academic\u0103 din Rom\u00e2nia, \u00een parteneriat cu Asocia\u021bia Act For Tomorrow \u0219i Vellenes Fellesorganisasjon \u0219i beneficiaz\u0103 de o finan\u021bare \u00een valoare de 249.989 euro, prin programul Active Citizens Fund Rom\u00e2nia \u2013 finan\u021bat de Islanda, Liechtenstein \u0219i Norvegia prin Granturile SEE 2014-2021. Con\u021binutul acestui website nu reprezint\u0103 \u00een mod necesar pozi\u021bia oficial\u0103 a Granturilor SEE \u0219i Norvegiene 2014-2021; pentru mai multe informa\u021bii accesa\u021bi <a href=\"http:\/\/www.eeagrants.org\">www.eeagrants.org<\/a>. Informa\u021bii despre Active Citizens Fund Rom\u00e2nia sunt disponibile la <a href=\"http:\/\/www.activecitizensfund.ro\">www.activecitizensfund.ro<\/a>.<\/p>\n","protected":false},"excerpt":{"rendered":"<p>Management de proiect Vor fi elaborate proceduri de lucru, planul detaliat al proiectului cu indicarea resurselor financiare, umane, tehnice, logistice, alocarea de sarcini, responsabilii \u0219i termenele de realizare necesare atingerii obiectivelor \u0219i indicatorilor asuma\u021bi etc. Va fi monitorizat\u0103 atingerea obiectivelor \u0219i indicatorilor \u00een cadrul fiec\u0103rei activit\u0103\u021bi cu respectarea buclei de control &#8211; respectiv monitorizare-control-remonitorizare. Informare [&hellip;]<\/p>\n","protected":false},"author":1,"featured_media":0,"parent":0,"menu_order":0,"comment_status":"closed","ping_status":"closed","template":"","meta":[],"_links":{"self":[{"href":"https:\/\/www.romaniacurata.ro\/servicii-publice-locale\/wp-json\/wp\/v2\/pages\/235"}],"collection":[{"href":"https:\/\/www.romaniacurata.ro\/servicii-publice-locale\/wp-json\/wp\/v2\/pages"}],"about":[{"href":"https:\/\/www.romaniacurata.ro\/servicii-publice-locale\/wp-json\/wp\/v2\/types\/page"}],"author":[{"embeddable":true,"href":"https:\/\/www.romaniacurata.ro\/servicii-publice-locale\/wp-json\/wp\/v2\/users\/1"}],"replies":[{"embeddable":true,"href":"https:\/\/www.romaniacurata.ro\/servicii-publice-locale\/wp-json\/wp\/v2\/comments?post=235"}],"version-history":[{"count":10,"href":"https:\/\/www.romaniacurata.ro\/servicii-publice-locale\/wp-json\/wp\/v2\/pages\/235\/revisions"}],"predecessor-version":[{"id":341,"href":"https:\/\/www.romaniacurata.ro\/servicii-publice-locale\/wp-json\/wp\/v2\/pages\/235\/revisions\/341"}],"wp:attachment":[{"href":"https:\/\/www.romaniacurata.ro\/servicii-publice-locale\/wp-json\/wp\/v2\/media?parent=235"}],"curies":[{"name":"wp","href":"https:\/\/api.w.org\/{rel}","templated":true}]}}