{"id":227,"date":"2021-08-17T13:59:44","date_gmt":"2021-08-17T10:59:44","guid":{"rendered":"http:\/\/www.romaniacurata.ro\/servicii-locale\/?page_id=227"},"modified":"2021-10-20T11:12:48","modified_gmt":"2021-10-20T08:12:48","slug":"despre","status":"publish","type":"page","link":"https:\/\/www.romaniacurata.ro\/servicii-publice-locale\/despre\/","title":{"rendered":"Despre proiect"},"content":{"rendered":"<p>Proiectul <strong>Cet\u0103\u021beni activi pentru servicii locale de calitate<\/strong> este derulat de <em>Societatea Academic\u0103 din Rom\u00e2nia<\/em>, \u00een parteneriat cu <em>Asocia\u021bia Act For Tomorrow<\/em> \u0219i <em>Vellenes Fellesorganisasjon<\/em> \u0219i beneficiaz\u0103 de o finan\u021bare nerambursabil\u0103 \u00een valoare de 249.989 euro prin Granturile SEE 2014-2021 &#8211; programul Active Citizens Fund Rom\u00e2nia \u2013 finan\u021bat de Islanda, Liechtenstein \u0219i Norvegia. Con\u021binutul acestui website nu reprezint\u0103 \u00een mod necesar pozi\u021bia oficial\u0103 a Granturilor SEE \u0219i Norvegiene 2014-2021; pentru mai multe informa\u021bii accesa\u021bi <a href=\"http:\/\/www.eeagrants.org\">www.eeagrants.org<\/a>. Informa\u021bii despre Active Citizens Fund Rom\u00e2nia sunt disponibile la <a href=\"http:\/\/www.activecitizensfund.ro\">www.activecitizensfund.ro<\/a>.<\/p>\n<p><strong>De ce avem nevoie de cet\u0103\u021beni activi pentru servicii publice locale de calitate?<\/strong><\/p>\n<p>\u00cen ultimii ani, gradul de implicare a cet\u0103\u021benilor \u00een societate a crescut, \u00eens\u0103 nivelul de influen\u021bare a deciziilor la nivel local, mai ales de c\u0103tre tineri, este \u00een continuare sc\u0103zut. Astfel, serviciile publice locale furnizate cet\u0103\u021benilor sunt \u00een continuare deficitare, dup\u0103 cum o arat\u0103 at\u00e2t studiile, dar mai ales cifrele din rapoartele de \u021bar\u0103 ale Comisiei Europene, cu efecte negative asupra calit\u0103\u021bii vie\u021bii \u00een aglomer\u0103rile urbane.<\/p>\n<p><strong>Scopul proiectului<\/strong> \u00eel reprezint\u0103 cre\u0219terea capacit\u0103\u021bii de mobilizare \u0219i implicare civic\u0103, \u00een special \u00een r\u00e2ndul tinerilor, prin dezvoltarea unui set de metode \u0219i instrumente de monitorizare \u0219i advocacy \u00een vederea \u00eembun\u0103t\u0103\u021birii calit\u0103\u021bii serviciilor furnizate de administra\u021biile publice locale din mediul urban. Concret, sunt vizate <strong>educa\u021bia<\/strong>, <strong>transportul public local<\/strong>, respectiv <strong>gestionarea de\u0219eurilor<\/strong>, domenii care vor fi monitorizate prin activit\u0103\u021bi de urm\u0103rire a unor indicatori relevan\u021bi la nivelul a <em><strong>47 de municipalit\u0103\u021bi<\/strong> <\/em>(40 re\u0219edin\u021be de jude\u021b, Bucure\u0219ti + 6 sectoare). Aceast\u0103 monitorizare se va face prin implicarea a 80 de cet\u0103\u021beni recruta\u021bi \u0219i forma\u021bi, 24 de campanii de advocacy la nivel local \u0219i 3 na\u021bionale, precum \u0219i 3 dezbateri privind \u00eembun\u0103t\u0103\u021birea cadrului de politici publice pentru serviciile publice monitorizate. Demersurile vor \u021binti \u00een primul r\u00e2nd respectarea normelor \u00een vigoare privind cele trei servicii publice, \u0219i anume Legea educa\u021biei na\u021bionale, a serviciilor de transport public local, a pachetului normativ privind de\u0219eurile, dar \u0219i cadrul normativ secundar.<\/p>\n<p>&nbsp;<\/p>\n<p><img loading=\"lazy\" class=\"alignleft wp-image-282\" title=\"&lt;a href=&quot;http:\/\/www.freepik.com&quot;&gt;Designed by Freepik&lt;\/a&gt;\" src=\"http:\/\/www.romaniacurata.ro\/servicii-publice-locale\/wp-content\/uploads\/2021\/10\/Student-guy-studying-on-internet-300x219.jpg\" alt=\"\" width=\"467\" height=\"341\" srcset=\"https:\/\/www.romaniacurata.ro\/servicii-publice-locale\/wp-content\/uploads\/2021\/10\/Student-guy-studying-on-internet-300x219.jpg 300w, https:\/\/www.romaniacurata.ro\/servicii-publice-locale\/wp-content\/uploads\/2021\/10\/Student-guy-studying-on-internet-1024x747.jpg 1024w, https:\/\/www.romaniacurata.ro\/servicii-publice-locale\/wp-content\/uploads\/2021\/10\/Student-guy-studying-on-internet-768x561.jpg 768w, https:\/\/www.romaniacurata.ro\/servicii-publice-locale\/wp-content\/uploads\/2021\/10\/Student-guy-studying-on-internet-1536x1121.jpg 1536w, https:\/\/www.romaniacurata.ro\/servicii-publice-locale\/wp-content\/uploads\/2021\/10\/Student-guy-studying-on-internet-2048x1495.jpg 2048w\" sizes=\"(max-width: 467px) 100vw, 467px\" \/><\/p>\n<p>De asemenea, vor fi dezvoltate instrumente utile monitoriz\u0103rii calit\u0103\u021bii serviciilor publice \u0219i implic\u0103rii cet\u0103\u021benilor prin activit\u0103\u021bi de watchdog \u0219i campanii de advocacy la nivel local, dar \u0219i un transfer de bune practici de mobilizare comunitar\u0103 cu ajutorul partenerului V<em>ellenes Fellesorganisasjon<\/em>. \u00cen acela\u0219i timp, cu sprijinul <em>Act For Tomorrow<\/em> &#8211; organiza\u021bie partener\u0103 implicat\u0103 \u00een monitorizarea \u0219i \u00een desf\u0103\u0219urarea campaniilor de advocacy referitoare la gestionarea a de\u0219eurilor -, va fi organizat\u0103 o serie de sesiuni de con\u0219tientizare civic\u0103 \u0219i de mediu.<\/p>\n<p><strong style=\"font-size: 16px\">Ce obiective avem?<\/strong><\/p>\n<p>\u2022 Implicarea cet\u0103\u021benilor \u00een \u00eembun\u0103t\u0103\u021birea calit\u0103\u021bii vie\u021bii urbane prin monitorizarea serviciilor publice de transport local, educa\u021bie \u0219i gestionare a de\u0219eurilor \u00een 40 de municipii re\u0219edin\u021b\u0103 de jude\u021b \u0219i municipiul Bucure\u0219ti (prim\u0103ria general\u0103 \u0219i prim\u0103riile de sector);<br \/>\n\u2022 Dezvoltarea capacit\u0103\u021bii de implicare civic\u0103 a cet\u0103\u021benilor, \u00een special a tinerilor, din municipii provenind din fiecare regiune de dezvoltare, prin: (1) transfer de bune practici de mobilizare a comunit\u0103\u021bilor norvegiene, (2) organizarea a 8 sesiuni de formare \u0219i (3) desf\u0103\u0219urarea a 24 de campanii de advocacy la nivel local, cu scopul \u00eembun\u0103t\u0103\u021birii calit\u0103\u021bii serviciilor publice monitorizate;<br \/>\n\u2022 Cre\u0219terea capacit\u0103\u021bii institu\u021bionale a Societ\u0103\u021bii Academice din Rom\u00e2nia prin desfa\u0219urarea de sesiuni de evaluare organiza\u021bional\u0103, formare \u0219i coaching \u00een vederea implement\u0103rii unor proceduri de management eficiente \u0219i a unor proceduri de guvernan\u021b\u0103 organizational\u0103 transparente \u0219i responsabile.<\/p>\n<p>&nbsp;<\/p>\n<p>&nbsp;<\/p>\n<p>__________________________<\/p>\n<p><img loading=\"lazy\" class=\"alignnone size-medium wp-image-330\" src=\"http:\/\/www.romaniacurata.ro\/servicii-publice-locale\/wp-content\/uploads\/2021\/10\/proiect-derulat-de-300x62.png\" alt=\"\" width=\"300\" height=\"62\" srcset=\"https:\/\/www.romaniacurata.ro\/servicii-publice-locale\/wp-content\/uploads\/2021\/10\/proiect-derulat-de-300x62.png 300w, https:\/\/www.romaniacurata.ro\/servicii-publice-locale\/wp-content\/uploads\/2021\/10\/proiect-derulat-de-1024x211.png 1024w, https:\/\/www.romaniacurata.ro\/servicii-publice-locale\/wp-content\/uploads\/2021\/10\/proiect-derulat-de-768x159.png 768w, https:\/\/www.romaniacurata.ro\/servicii-publice-locale\/wp-content\/uploads\/2021\/10\/proiect-derulat-de.png 1531w\" sizes=\"(max-width: 300px) 100vw, 300px\" \/><\/p>\n<p>Proiectul este derulat de Societatea Academic\u0103 din Rom\u00e2nia, \u00een parteneriat cu Asocia\u021bia Act For Tomorrow \u0219i Vellenes Fellesorganisasjon \u0219i beneficiaz\u0103 de o finan\u021bare \u00een valoare de 249.989 euro, prin programul Active Citizens Fund Rom\u00e2nia \u2013 finan\u021bat de Islanda, Liechtenstein \u0219i Norvegia prin Granturile SEE 2014-2021. Con\u021binutul acestui website nu reprezint\u0103 \u00een mod necesar pozi\u021bia oficial\u0103 a Granturilor SEE \u0219i Norvegiene 2014-2021; pentru mai multe informa\u021bii accesa\u021bi <a href=\"http:\/\/www.eeagrants.org\">www.eeagrants.org<\/a>. Informa\u021bii despre Active Citizens Fund Rom\u00e2nia sunt disponibile la <a href=\"http:\/\/www.activecitizensfund.ro\">www.activecitizensfund.ro<\/a>.<\/p>\n","protected":false},"excerpt":{"rendered":"<p>Proiectul Cet\u0103\u021beni activi pentru servicii locale de calitate este derulat de Societatea Academic\u0103 din Rom\u00e2nia, \u00een parteneriat cu Asocia\u021bia Act For Tomorrow \u0219i Vellenes Fellesorganisasjon \u0219i beneficiaz\u0103 de o finan\u021bare nerambursabil\u0103 \u00een valoare de 249.989 euro prin Granturile SEE 2014-2021 &#8211; programul Active Citizens Fund Rom\u00e2nia \u2013 finan\u021bat de Islanda, Liechtenstein \u0219i Norvegia. Con\u021binutul acestui [&hellip;]<\/p>\n","protected":false},"author":3,"featured_media":0,"parent":0,"menu_order":0,"comment_status":"closed","ping_status":"closed","template":"","meta":[],"_links":{"self":[{"href":"https:\/\/www.romaniacurata.ro\/servicii-publice-locale\/wp-json\/wp\/v2\/pages\/227"}],"collection":[{"href":"https:\/\/www.romaniacurata.ro\/servicii-publice-locale\/wp-json\/wp\/v2\/pages"}],"about":[{"href":"https:\/\/www.romaniacurata.ro\/servicii-publice-locale\/wp-json\/wp\/v2\/types\/page"}],"author":[{"embeddable":true,"href":"https:\/\/www.romaniacurata.ro\/servicii-publice-locale\/wp-json\/wp\/v2\/users\/3"}],"replies":[{"embeddable":true,"href":"https:\/\/www.romaniacurata.ro\/servicii-publice-locale\/wp-json\/wp\/v2\/comments?post=227"}],"version-history":[{"count":13,"href":"https:\/\/www.romaniacurata.ro\/servicii-publice-locale\/wp-json\/wp\/v2\/pages\/227\/revisions"}],"predecessor-version":[{"id":351,"href":"https:\/\/www.romaniacurata.ro\/servicii-publice-locale\/wp-json\/wp\/v2\/pages\/227\/revisions\/351"}],"wp:attachment":[{"href":"https:\/\/www.romaniacurata.ro\/servicii-publice-locale\/wp-json\/wp\/v2\/media?parent=227"}],"curies":[{"name":"wp","href":"https:\/\/api.w.org\/{rel}","templated":true}]}}